{"id":23,"date":"2018-05-23T06:21:50","date_gmt":"2018-05-23T06:21:50","guid":{"rendered":"http:\/\/rarathemesdemo.com\/perfect-portfolio\/?page_id=23"},"modified":"2025-03-28T20:35:12","modified_gmt":"2025-03-28T18:35:12","slug":"vita","status":"publish","type":"page","link":"http:\/\/www.very.co.at\/wordpress\/vita\/","title":{"rendered":"Verena Schellander"},"content":{"rendered":"<p><strong>Seit ich einen Stift halten kann, zeichne ich.<br \/>Was mich schon immer begleitet, ist heute mehr als ein Beruf&#8230;<\/strong><\/p>\n<p>Nach meiner Ausbildung an der H\u00f6heren Lehranstalt f\u00fcr Kunst und Gestaltung am CHS Villach studierte ich Germanistik an der Alpen-Adria-Universit\u00e4t Klagenfurt. \u00dcber die Redaktionsarbeit und den Journalismus entdeckte ich sp\u00e4ter das Layouten und Gestalten und schon bald das Illustrieren. Dazu kommt die wunderbare Welt des Theaters, die mich seit 2010 begleitet: Ich sammelte Erfahrung als B\u00fchnenmalerin und bin seit 2012 zudem im Bereich Marketing am Stadttheater Klagenfurt t\u00e4tig. Als Vortragende kehrte ich au\u00dferdem f\u00fcr Praxis-Seminare an die Alpen-Adria-Universit\u00e4t Klagenfurt zur\u00fcck. 2019 erschien mein erstes Kinderbuch &#8222;Sieben sch\u00f6ne Schirme&#8220; (Drava), das mit dem K\u00e4rntner Kinderbuchpreis ausgezeichnet wurde. Als freiberufliche Illustratorin zeichne ich u. a. f\u00fcr Werbung, Corporate Design, Magazine, B\u00fccher- und Kinderb\u00fccher, f\u00fcr besondere Anl\u00e4sse sowie f\u00fcr Architektur, Garten und Tourismus. Inspiration finde ich der Natur. Ich lebe und arbeite in Wernberg und Klagenfurt.<\/p>\n\n\n<figure class=\"wp-block-image size-full\"><img loading=\"lazy\" decoding=\"async\" width=\"886\" height=\"888\" src=\"http:\/\/www.very.co.at\/wordpress\/wp-content\/uploads\/2022\/10\/BathTube-Kopie.jpg\" alt=\"\" class=\"wp-image-1118\" srcset=\"http:\/\/www.very.co.at\/wordpress\/wp-content\/uploads\/2022\/10\/BathTube-Kopie.jpg 886w, http:\/\/www.very.co.at\/wordpress\/wp-content\/uploads\/2022\/10\/BathTube-Kopie-300x300.jpg 300w, http:\/\/www.very.co.at\/wordpress\/wp-content\/uploads\/2022\/10\/BathTube-Kopie-400x400.jpg 400w\" sizes=\"(max-width: 886px) 100vw, 886px\" \/><\/figure>\n","protected":false},"excerpt":{"rendered":"<p>Seit ich einen Stift halten kann, zeichne ich.Was mich schon immer begleitet, ist heute mehr als ein Beruf&#8230; Nach meiner Ausbildung an der H\u00f6heren Lehranstalt f\u00fcr Kunst und Gestaltung am CHS Villach studierte ich Germanistik an der Alpen-Adria-Universit\u00e4t Klagenfurt. \u00dcber die Redaktionsarbeit und den Journalismus entdeckte ich sp\u00e4ter das Layouten und Gestalten und schon bald das Illustrieren. Dazu kommt die wunderbare Welt des Theaters, die mich seit 2010 begleitet: Ich &hellip; <\/p>\n","protected":false},"author":1,"featured_media":0,"parent":0,"menu_order":0,"comment_status":"closed","ping_status":"closed","template":"","meta":{"footnotes":""},"_links":{"self":[{"href":"http:\/\/www.very.co.at\/wordpress\/wp-json\/wp\/v2\/pages\/23"}],"collection":[{"href":"http:\/\/www.very.co.at\/wordpress\/wp-json\/wp\/v2\/pages"}],"about":[{"href":"http:\/\/www.very.co.at\/wordpress\/wp-json\/wp\/v2\/types\/page"}],"author":[{"embeddable":true,"href":"http:\/\/www.very.co.at\/wordpress\/wp-json\/wp\/v2\/users\/1"}],"replies":[{"embeddable":true,"href":"http:\/\/www.very.co.at\/wordpress\/wp-json\/wp\/v2\/comments?post=23"}],"version-history":[{"count":9,"href":"http:\/\/www.very.co.at\/wordpress\/wp-json\/wp\/v2\/pages\/23\/revisions"}],"predecessor-version":[{"id":1616,"href":"http:\/\/www.very.co.at\/wordpress\/wp-json\/wp\/v2\/pages\/23\/revisions\/1616"}],"wp:attachment":[{"href":"http:\/\/www.very.co.at\/wordpress\/wp-json\/wp\/v2\/media?parent=23"}],"curies":[{"name":"wp","href":"https:\/\/api.w.org\/{rel}","templated":true}]}}